{"id":376,"date":"2020-10-12T11:52:50","date_gmt":"2020-10-12T09:52:50","guid":{"rendered":"https:\/\/therapie-trainingszentrum.de\/?page_id=376"},"modified":"2024-05-16T13:55:40","modified_gmt":"2024-05-16T11:55:40","slug":"medizinisches-cardiotraining","status":"publish","type":"page","link":"https:\/\/therapie-trainingszentrum.de\/home\/medizinisches-cardiotraining\/","title":{"rendered":"Medizinisches Cardiotraining"},"content":{"rendered":"<p>[et_pb_section fb_built=&#8220;1&#8243; admin_label=&#8220;Hero Section&#8220; _builder_version=&#8220;4.16&#8243; use_background_color_gradient=&#8220;on&#8220; background_color_gradient_direction=&#8220;105deg&#8220; background_color_gradient_stops=&#8220;#006f32 0%|#149321 100%&#8220; background_color_gradient_start=&#8220;#006f32&#8243; background_color_gradient_end=&#8220;#149321&#8243; background_image=&#8220;https:\/\/therapie-trainingszentrum.de\/wp-content\/uploads\/2020\/10\/Headerbild-1200x250px.jpg&#8220; custom_padding=&#8220;60px|0px|60px|0px&#8220; collapsed=&#8220;off&#8220; global_colors_info=&#8220;{}&#8220;][et_pb_row column_structure=&#8220;1_3,1_3,1_3&#8243; _builder_version=&#8220;4.16&#8243; background_size=&#8220;initial&#8220; background_position=&#8220;top_left&#8220; background_repeat=&#8220;repeat&#8220; global_colors_info=&#8220;{}&#8220;][et_pb_column type=&#8220;1_3&#8243; _builder_version=&#8220;4.16&#8243; _module_preset=&#8220;default&#8220; global_colors_info=&#8220;{}&#8220;][\/et_pb_column][et_pb_column type=&#8220;1_3&#8243; _builder_version=&#8220;4.16&#8243; _module_preset=&#8220;default&#8220; global_colors_info=&#8220;{}&#8220;][et_pb_text _builder_version=&#8220;4.25.1&#8243; text_font=&#8220;Poppins||||||||&#8220; text_text_color=&#8220;rgba(255,255,255,0.8)&#8220; text_font_size=&#8220;18px&#8220; text_line_height=&#8220;1.8em&#8220; header_font=&#8220;Poppins|600|||||||&#8220; header_text_color=&#8220;#ffffff&#8220; header_font_size=&#8220;48px&#8220; header_line_height=&#8220;1.4em&#8220; header_3_font=&#8220;Poppins|600|||||||&#8220; header_3_font_size=&#8220;36px&#8220; header_3_line_height=&#8220;1.4em&#8220; background_layout=&#8220;dark&#8220; max_width=&#8220;600px&#8220; module_alignment=&#8220;left&#8220; custom_margin=&#8220;|||&#8220; locked=&#8220;off&#8220; global_colors_info=&#8220;{}&#8220;]<\/p>\n<p><img loading=\"lazy\" decoding=\"async\" src=\"https:\/\/therapie-trainingszentrum.de\/wp-content\/uploads\/2024\/05\/TTZ-Logo-08-2020-2-pfade.png\" width=\"711\" height=\"316\" alt=\"\" class=\"wp-image-1052 alignnone size-full\" srcset=\"https:\/\/therapie-trainingszentrum.de\/wp-content\/uploads\/2024\/05\/TTZ-Logo-08-2020-2-pfade.png 711w, https:\/\/therapie-trainingszentrum.de\/wp-content\/uploads\/2024\/05\/TTZ-Logo-08-2020-2-pfade-480x213.png 480w\" sizes=\"(min-width: 0px) and (max-width: 480px) 480px, (min-width: 481px) 711px, 100vw\" \/><\/p>\n<p>[\/et_pb_text][\/et_pb_column][et_pb_column type=&#8220;1_3&#8243; _builder_version=&#8220;4.16&#8243; custom_padding=&#8220;|||&#8220; global_colors_info=&#8220;{}&#8220; custom_padding__hover=&#8220;|||&#8220;][\/et_pb_column][\/et_pb_row][\/et_pb_section][et_pb_section fb_built=&#8220;1&#8243; admin_label=&#8220;About Us Section&#8220; _builder_version=&#8220;4.16&#8243; custom_padding=&#8220;20px|0px|20px|0px|false|false&#8220; global_colors_info=&#8220;{}&#8220;][et_pb_row _builder_version=&#8220;4.16&#8243; min_height=&#8220;432px&#8220; custom_padding=&#8220;||0px|||&#8220; locked=&#8220;off&#8220; global_colors_info=&#8220;{}&#8220;][et_pb_column type=&#8220;4_4&#8243; _builder_version=&#8220;4.16&#8243; custom_padding=&#8220;|||&#8220; global_colors_info=&#8220;{}&#8220; custom_padding__hover=&#8220;|||&#8220;][et_pb_text _builder_version=&#8220;4.16&#8243; text_font=&#8220;||||||||&#8220; header_font=&#8220;||||||||&#8220; header_3_font=&#8220;Poppins|600|||||||&#8220; header_3_text_color=&#8220;#44d89e&#8220; header_3_font_size=&#8220;36px&#8220; header_3_line_height=&#8220;1.4em&#8220; global_colors_info=&#8220;{}&#8220;]<\/p>\n<h1 style=\"text-align: center;\"><span style=\"color: #008000;\">Medizinisches Cardiotraining<br \/> <\/span><\/h1>\n<p>[\/et_pb_text][et_pb_image src=&#8220;https:\/\/therapie-trainingszentrum.de\/wp-content\/uploads\/2024\/05\/Cardio01.jpg&#8220; title_text=&#8220;Cardio01&#8243; align=&#8220;center&#8220; align_tablet=&#8220;center&#8220; align_phone=&#8220;&#8220; align_last_edited=&#8220;on|desktop&#8220; _builder_version=&#8220;4.25.1&#8243; animation_style=&#8220;bounce&#8220; hover_enabled=&#8220;0&#8243; box_shadow_style=&#8220;preset1&#8243; global_colors_info=&#8220;{}&#8220; sticky_enabled=&#8220;0&#8243;][\/et_pb_image][et_pb_text _builder_version=&#8220;4.16&#8243; text_font=&#8220;Open Sans||||||||&#8220; text_text_color=&#8220;#486066&#8243; text_font_size=&#8220;15px&#8220; text_line_height=&#8220;1.8em&#8220; header_font=&#8220;||||||||&#8220; custom_margin=&#8220;||60px|&#8220; global_colors_info=&#8220;{}&#8220;]<\/p>\n<p>Unter Cardio \/ Ausdauertraining fallen alle Sportarten, die Ihre Atem- und Herzfrequenz erh\u00f6hen. Sie k\u00f6nnen entweder nur Ihre Beine oder Arme oder beides einsetzen.<\/p>\n<p>Durch Cardiotraining erh\u00f6ht sich das Atemminutenvolumen der Lunge, die Lunge arbeitet effektiver. Sie k\u00f6nnen tiefer einatmen und Ihren K\u00f6rper so besser mit Sauerstoff versorgen.<\/p>\n<p><strong>Das Cardio \/ Ausdauertraining wirkt sich positiv auf verschiedene K\u00f6rperfunktionen aus:<\/strong><\/p>\n<ul>\n<li>Herz und Gef\u00e4\u00dfe<\/li>\n<li>Muskulatur<\/li>\n<li>Lunge<\/li>\n<li>Gehirn<\/li>\n<li>Blut<\/li>\n<li>Immunsystem<\/li>\n<li>Psyche<\/li>\n<\/ul>\n<p>[\/et_pb_text][\/et_pb_column][\/et_pb_row][et_pb_row _builder_version=&#8220;4.16&#8243; _module_preset=&#8220;default&#8220; custom_margin=&#8220;|auto|-37px|auto||&#8220; custom_padding=&#8220;4px|||||&#8220; global_colors_info=&#8220;{}&#8220;][et_pb_column type=&#8220;4_4&#8243; _builder_version=&#8220;4.16&#8243; _module_preset=&#8220;default&#8220; global_colors_info=&#8220;{}&#8220;][et_pb_divider _builder_version=&#8220;4.16&#8243; _module_preset=&#8220;default&#8220; global_colors_info=&#8220;{}&#8220;][\/et_pb_divider][\/et_pb_column][\/et_pb_row][et_pb_row _builder_version=&#8220;4.16&#8243; _module_preset=&#8220;default&#8220; custom_padding=&#8220;||0px|||&#8220; global_colors_info=&#8220;{}&#8220;][et_pb_column type=&#8220;4_4&#8243; _builder_version=&#8220;4.16&#8243; _module_preset=&#8220;default&#8220; global_colors_info=&#8220;{}&#8220;][et_pb_code _builder_version=&#8220;4.16&#8243; _module_preset=&#8220;default&#8220; text_orientation=&#8220;center&#8220; width=&#8220;100%&#8220; module_alignment=&#8220;center&#8220; custom_padding=&#8220;||27px|||&#8220; animation_style=&#8220;bounce&#8220; global_colors_info=&#8220;{}&#8220;]<\/p>\n<h3><strong>Rufen Sie uns an unter&#8230;<!\u2013- [et_pb_br_holder] -\u2013> <!\u2013- [et_pb_br_holder] -\u2013>0511-16908090<\/strong><\/h3>\n<p>[\/et_pb_code][\/et_pb_column][\/et_pb_row][et_pb_row _builder_version=&#8220;4.16&#8243; _module_preset=&#8220;default&#8220; custom_padding=&#8220;6px|||||&#8220; global_colors_info=&#8220;{}&#8220;][et_pb_column type=&#8220;4_4&#8243; _builder_version=&#8220;4.16&#8243; _module_preset=&#8220;default&#8220; global_colors_info=&#8220;{}&#8220;][et_pb_text _builder_version=&#8220;4.16&#8243; _module_preset=&#8220;default&#8220; global_colors_info=&#8220;{}&#8220;]<\/p>\n<h4 style=\"text-align: center;\">Oder vereinbaren Sie einen Termin \u00fcber unser Kontaktformular&#8230;<\/h4>\n<p>[\/et_pb_text][et_pb_button button_url=&#8220;https:\/\/therapie-trainingszentrum.de\/home\/termin-vereinbaren\/&#8220; button_text=&#8220;Termin vereinbaren!&#8220; button_alignment=&#8220;center&#8220; _builder_version=&#8220;4.16&#8243; _module_preset=&#8220;default&#8220; custom_button=&#8220;on&#8220; button_text_color=&#8220;#ffffff&#8220; button_bg_color=&#8220;#006f32&#8243; button_border_radius=&#8220;12px&#8220; button_icon=&#8220;&#x45;||divi||400&#8243; animation_style=&#8220;zoom&#8220; box_shadow_style=&#8220;preset1&#8243; global_colors_info=&#8220;{}&#8220;][\/et_pb_button][\/et_pb_column][\/et_pb_row][et_pb_row _builder_version=&#8220;4.16&#8243; _module_preset=&#8220;default&#8220; custom_margin=&#8220;|auto|-37px|auto||&#8220; custom_padding=&#8220;4px|||||&#8220; global_colors_info=&#8220;{}&#8220;][et_pb_column type=&#8220;4_4&#8243; _builder_version=&#8220;4.16&#8243; _module_preset=&#8220;default&#8220; global_colors_info=&#8220;{}&#8220;][et_pb_divider _builder_version=&#8220;4.16&#8243; _module_preset=&#8220;default&#8220; global_colors_info=&#8220;{}&#8220;][\/et_pb_divider][\/et_pb_column][\/et_pb_row][\/et_pb_section]<\/p>\n","protected":false},"excerpt":{"rendered":"<p>Medizinisches Cardiotraining Unter Cardio \/ Ausdauertraining fallen alle Sportarten, die Ihre Atem- und Herzfrequenz erh\u00f6hen. Sie k\u00f6nnen entweder nur Ihre Beine oder Arme oder beides einsetzen. Durch Cardiotraining erh\u00f6ht sich das Atemminutenvolumen der Lunge, die Lunge arbeitet effektiver. Sie k\u00f6nnen tiefer einatmen und Ihren K\u00f6rper so besser mit Sauerstoff versorgen. Das Cardio \/ Ausdauertraining wirkt [&hellip;]<\/p>\n","protected":false},"author":1,"featured_media":0,"parent":0,"menu_order":0,"comment_status":"closed","ping_status":"closed","template":"","meta":{"_et_pb_use_builder":"on","_et_pb_old_content":"","_et_gb_content_width":"","footnotes":""},"class_list":["post-376","page","type-page","status-publish","hentry"],"aioseo_notices":[],"_links":{"self":[{"href":"https:\/\/therapie-trainingszentrum.de\/home\/wp-json\/wp\/v2\/pages\/376","targetHints":{"allow":["GET"]}}],"collection":[{"href":"https:\/\/therapie-trainingszentrum.de\/home\/wp-json\/wp\/v2\/pages"}],"about":[{"href":"https:\/\/therapie-trainingszentrum.de\/home\/wp-json\/wp\/v2\/types\/page"}],"author":[{"embeddable":true,"href":"https:\/\/therapie-trainingszentrum.de\/home\/wp-json\/wp\/v2\/users\/1"}],"replies":[{"embeddable":true,"href":"https:\/\/therapie-trainingszentrum.de\/home\/wp-json\/wp\/v2\/comments?post=376"}],"version-history":[{"count":10,"href":"https:\/\/therapie-trainingszentrum.de\/home\/wp-json\/wp\/v2\/pages\/376\/revisions"}],"predecessor-version":[{"id":1087,"href":"https:\/\/therapie-trainingszentrum.de\/home\/wp-json\/wp\/v2\/pages\/376\/revisions\/1087"}],"wp:attachment":[{"href":"https:\/\/therapie-trainingszentrum.de\/home\/wp-json\/wp\/v2\/media?parent=376"}],"curies":[{"name":"wp","href":"https:\/\/api.w.org\/{rel}","templated":true}]}}